{"id":214,"date":"2024-06-20T12:27:19","date_gmt":"2024-06-20T12:27:19","guid":{"rendered":"http:\/\/alb.webd.pro\/alb-gdansk.pl\/?page_id=214"},"modified":"2024-10-01T19:05:13","modified_gmt":"2024-10-01T19:05:13","slug":"kategoria-b","status":"publish","type":"page","link":"https:\/\/alb-gdansk.pl\/index.php\/kategoria-b\/","title":{"rendered":"Kategoria B"},"content":{"rendered":"\t\t<div data-elementor-type=\"wp-page\" data-elementor-id=\"214\" class=\"elementor elementor-214\" data-elementor-post-type=\"page\">\n\t\t\t\t<div class=\"elementor-element elementor-element-ad414ec animated-slow e-flex e-con-boxed elementor-invisible e-con e-parent\" data-id=\"ad414ec\" data-element_type=\"container\" data-settings=\"{&quot;animation&quot;:&quot;fadeInUp&quot;}\">\n\t\t\t\t\t<div class=\"e-con-inner\">\n\t\t<div class=\"elementor-element elementor-element-087d5bc e-flex e-con-boxed e-con e-child\" data-id=\"087d5bc\" data-element_type=\"container\" data-settings=\"{&quot;background_background&quot;:&quot;classic&quot;}\">\n\t\t\t\t\t<div class=\"e-con-inner\">\n\t\t\t\t<div class=\"elementor-element elementor-element-bfe6a83 elementor-widget elementor-widget-heading\" data-id=\"bfe6a83\" data-element_type=\"widget\" data-widget_type=\"heading.default\">\n\t\t\t\t<div class=\"elementor-widget-container\">\n\t\t\t<h2 class=\"elementor-heading-title elementor-size-default\">Kurs na prawo jazdy kategorii B<\/h2>\t\t<\/div>\n\t\t\t\t<\/div>\n\t\t\t\t<div class=\"elementor-element elementor-element-c7c8cae elementor-widget elementor-widget-text-editor\" data-id=\"c7c8cae\" data-element_type=\"widget\" data-widget_type=\"text-editor.default\">\n\t\t\t\t<div class=\"elementor-widget-container\">\n\t\t\t\t\t\t\t<p style=\"text-align: center;\"><strong>Zaj\u0119cia teoretyczne<\/strong><\/p>\n<p>Wyk\u0142ady (mo\u017cliwo\u015b\u0107 odbycia teorii w systemie e-learning &#8211; teoria w domu) kurs mo\u017cna rozpocz\u0105\u0107 w dowolnym momencie nie czekaj\u0105c na termin rozpocz\u0119cia kursu stacjonarnego.<br>Zaj\u0119cia teoretyczne stacjonarne odbywaj\u0105 si\u0119 dwa razy w tygodniu i trwaj\u0105 3 tygodnie ( w przypadku weekendowych 4 dni )<\/p>\n<p>Po zako\u0144czonej teorii zaczynaj\u0105 si\u0119 zaj\u0119cia praktyczne czyli jazdy samochodem.<\/p>\n<p><strong>Uczestnikom naszych kurs\u00f3w kat. &#8222;B&#8221; zapewniamy:<\/strong><\/p>\n<ul>\n<li>30 godzin wyk\u0142ad\u00f3w teoretycznych (1 godz. = 45 min)<\/li><li>90 dniowy dost\u0119p do platformy wyk\u0142ad\u00f3w on-line prowadzonych przez wykwalifikowanych instruktor\u00f3w&nbsp;<\/li>\n<li>4 godziny szkolenia z zakresu udzielania pierwszej pomocy<\/li>\n<li>30 godzin jazd samochodem (1 godz. = 60 min)<\/li>\n<li>bezp\u0142atne podr\u0119czniki oraz nowe testy<\/li>\n<li>wykonanie bada\u0144 lekarskich na miejscu<\/li>\n<li>op\u0142at\u0119 za kurs w dogodnych ratach<\/li>\n<\/ul>\n<p style=\"text-align: center;\"><strong>Zaj\u0119cia pra<\/strong><strong>ktyczne<\/strong><\/p>\n<p>Jazdy (mo\u017cliwo\u015b\u0107 odbycia kursu bez teorii stacjonarnej \u2013 same jazdy)<br>Wiedz\u0105c jak wa\u017cne dla ka\u017cdej osoby jest dopasowanie i zgranie z instruktorem miejsca i godziny prowadzenia jazd umawiamy si\u0119 w dogodnym miejscu. Jazdy odbywaj\u0105 si\u0119 na nowych w pe\u0142ni ubezpieczonych samochodach: Kia &#8211; Rio identyczne jak na egzaminie pa\u0144stwowym. O\u015brodek posiada te\u017c plac manewrowy zlokalizowany na \u017babiance identyczny jak na egzaminie pa\u0144stwowym.<\/p>\t\t\t\t\t\t<\/div>\n\t\t\t\t<\/div>\n\t\t\t\t\t<\/div>\n\t\t\t\t<\/div>\n\t\t\t\t\t<\/div>\n\t\t\t\t<\/div>\n\t\t<div class=\"elementor-element elementor-element-def77b9 e-flex e-con-boxed e-con e-parent\" data-id=\"def77b9\" data-element_type=\"container\">\n\t\t\t\t\t<div class=\"e-con-inner\">\n\t\t\t\t<div class=\"elementor-element elementor-element-d8122e4 elementor-align-center animated-slow e-transform elementor-invisible elementor-widget elementor-widget-button\" data-id=\"d8122e4\" data-element_type=\"widget\" data-settings=\"{&quot;sticky&quot;:&quot;bottom&quot;,&quot;sticky_offset&quot;:40,&quot;sticky_effects_offset&quot;:40,&quot;_animation&quot;:&quot;fadeInLeft&quot;,&quot;_transform_scale_effect_hover&quot;:{&quot;unit&quot;:&quot;px&quot;,&quot;size&quot;:1.1000000000000001,&quot;sizes&quot;:[]},&quot;sticky_on&quot;:[&quot;desktop&quot;,&quot;tablet&quot;,&quot;mobile&quot;],&quot;_transform_scale_effect_hover_tablet&quot;:{&quot;unit&quot;:&quot;px&quot;,&quot;size&quot;:&quot;&quot;,&quot;sizes&quot;:[]},&quot;_transform_scale_effect_hover_mobile&quot;:{&quot;unit&quot;:&quot;px&quot;,&quot;size&quot;:&quot;&quot;,&quot;sizes&quot;:[]}}\" data-widget_type=\"button.default\">\n\t\t\t\t<div class=\"elementor-widget-container\">\n\t\t\t\t\t<div class=\"elementor-button-wrapper\">\n\t\t\t<a class=\"elementor-button elementor-button-link elementor-size-sm\" href=\"#elementor-action%3Aaction%3Dpopup%3Aopen%26settings%3DeyJpZCI6IjM1NiIsInRvZ2dsZSI6ZmFsc2V9\">\n\t\t\t\t\t\t<span class=\"elementor-button-content-wrapper\">\n\t\t\t\t\t\t<span class=\"elementor-button-icon\">\n\t\t\t\t<svg aria-hidden=\"true\" class=\"e-font-icon-svg e-fas-arrow-circle-right\" viewBox=\"0 0 512 512\" xmlns=\"http:\/\/www.w3.org\/2000\/svg\"><path d=\"M256 8c137 0 248 111 248 248S393 504 256 504 8 393 8 256 119 8 256 8zm-28.9 143.6l75.5 72.4H120c-13.3 0-24 10.7-24 24v16c0 13.3 10.7 24 24 24h182.6l-75.5 72.4c-9.7 9.3-9.9 24.8-.4 34.3l11 10.9c9.4 9.4 24.6 9.4 33.9 0L404.3 273c9.4-9.4 9.4-24.6 0-33.9L271.6 106.3c-9.4-9.4-24.6-9.4-33.9 0l-11 10.9c-9.5 9.6-9.3 25.1.4 34.4z\"><\/path><\/svg>\t\t\t<\/span>\n\t\t\t\t\t\t\t\t\t<span class=\"elementor-button-text\">Zapisz si\u0119 na kurs<\/span>\n\t\t\t\t\t<\/span>\n\t\t\t\t\t<\/a>\n\t\t<\/div>\n\t\t\t\t<\/div>\n\t\t\t\t<\/div>\n\t\t\t\t\t<\/div>\n\t\t\t\t<\/div>\n\t\t\t\t<\/div>\n\t\t","protected":false},"excerpt":{"rendered":"<p>Kurs na prawo jazdy kategorii B Zaj\u0119cia teoretyczne Wyk\u0142ady (mo\u017cliwo\u015b\u0107 odbycia teorii w systemie e-learning &#8211; teoria w domu) kurs [&hellip;]<\/p>\n","protected":false},"author":1,"featured_media":0,"parent":0,"menu_order":0,"comment_status":"closed","ping_status":"closed","template":"","meta":{"inline_featured_image":false,"site-sidebar-layout":"no-sidebar","site-content-layout":"","ast-site-content-layout":"full-width-container","site-content-style":"default","site-sidebar-style":"default","ast-global-header-display":"","ast-banner-title-visibility":"","ast-main-header-display":"","ast-hfb-above-header-display":"","ast-hfb-below-header-display":"","ast-hfb-mobile-header-display":"","site-post-title":"disabled","ast-breadcrumbs-content":"","ast-featured-img":"disabled","footer-sml-layout":"","theme-transparent-header-meta":"","adv-header-id-meta":"","stick-header-meta":"","header-above-stick-meta":"","header-main-stick-meta":"","header-below-stick-meta":"","astra-migrate-meta-layouts":"default","ast-page-background-enabled":"default","ast-page-background-meta":{"desktop":{"background-color":"var(--ast-global-color-4)","background-image":"","background-repeat":"repeat","background-position":"center center","background-size":"auto","background-attachment":"scroll","background-type":"","background-media":"","overlay-type":"","overlay-color":"","overlay-opacity":"","overlay-gradient":""},"tablet":{"background-color":"","background-image":"","background-repeat":"repeat","background-position":"center center","background-size":"auto","background-attachment":"scroll","background-type":"","background-media":"","overlay-type":"","overlay-color":"","overlay-opacity":"","overlay-gradient":""},"mobile":{"background-color":"","background-image":"","background-repeat":"repeat","background-position":"center center","background-size":"auto","background-attachment":"scroll","background-type":"","background-media":"","overlay-type":"","overlay-color":"","overlay-opacity":"","overlay-gradient":""}},"ast-content-background-meta":{"desktop":{"background-color":"var(--ast-global-color-5)","background-image":"","background-repeat":"repeat","background-position":"center center","background-size":"auto","background-attachment":"scroll","background-type":"","background-media":"","overlay-type":"","overlay-color":"","overlay-opacity":"","overlay-gradient":""},"tablet":{"background-color":"var(--ast-global-color-5)","background-image":"","background-repeat":"repeat","background-position":"center center","background-size":"auto","background-attachment":"scroll","background-type":"","background-media":"","overlay-type":"","overlay-color":"","overlay-opacity":"","overlay-gradient":""},"mobile":{"background-color":"var(--ast-global-color-5)","background-image":"","background-repeat":"repeat","background-position":"center center","background-size":"auto","background-attachment":"scroll","background-type":"","background-media":"","overlay-type":"","overlay-color":"","overlay-opacity":"","overlay-gradient":""}},"footnotes":""},"class_list":["post-214","page","type-page","status-publish","hentry"],"_links":{"self":[{"href":"https:\/\/alb-gdansk.pl\/index.php\/wp-json\/wp\/v2\/pages\/214"}],"collection":[{"href":"https:\/\/alb-gdansk.pl\/index.php\/wp-json\/wp\/v2\/pages"}],"about":[{"href":"https:\/\/alb-gdansk.pl\/index.php\/wp-json\/wp\/v2\/types\/page"}],"author":[{"embeddable":true,"href":"https:\/\/alb-gdansk.pl\/index.php\/wp-json\/wp\/v2\/users\/1"}],"replies":[{"embeddable":true,"href":"https:\/\/alb-gdansk.pl\/index.php\/wp-json\/wp\/v2\/comments?post=214"}],"version-history":[{"count":13,"href":"https:\/\/alb-gdansk.pl\/index.php\/wp-json\/wp\/v2\/pages\/214\/revisions"}],"predecessor-version":[{"id":766,"href":"https:\/\/alb-gdansk.pl\/index.php\/wp-json\/wp\/v2\/pages\/214\/revisions\/766"}],"wp:attachment":[{"href":"https:\/\/alb-gdansk.pl\/index.php\/wp-json\/wp\/v2\/media?parent=214"}],"curies":[{"name":"wp","href":"https:\/\/api.w.org\/{rel}","templated":true}]}}